{"id":2428,"date":"2025-10-29T14:17:53","date_gmt":"2025-10-29T14:17:53","guid":{"rendered":"https:\/\/soymilkyweb.com\/metrosalud\/?page_id=2428"},"modified":"2026-04-29T15:18:21","modified_gmt":"2026-04-29T20:18:21","slug":"historia-de-metrosalud","status":"publish","type":"page","link":"https:\/\/soymilkyweb.com\/metrosalud\/quienes-somos\/historia-de-metrosalud\/","title":{"rendered":"Historia de Metrosalud"},"content":{"rendered":"\t\t<div data-elementor-type=\"wp-page\" data-elementor-id=\"2428\" class=\"elementor elementor-2428\" data-elementor-post-type=\"page\">\n\t\t\t\t\t\t<section data-particle_enable=\"false\" data-particle-mobile-disabled=\"false\" class=\"elementor-section elementor-top-section elementor-element elementor-element-d5cd6a6 elementor-section-boxed elementor-section-height-default elementor-section-height-default\" data-id=\"d5cd6a6\" data-element_type=\"section\" data-e-type=\"section\" data-settings=\"{&quot;background_background&quot;:&quot;classic&quot;}\">\n\t\t\t\t\t\t\t<div class=\"elementor-background-overlay\"><\/div>\n\t\t\t\t\t\t\t<div class=\"elementor-container elementor-column-gap-default\">\n\t\t\t\t\t<div class=\"elementor-column elementor-col-50 elementor-top-column elementor-element elementor-element-ede55e8\" data-id=\"ede55e8\" data-element_type=\"column\" data-e-type=\"column\">\n\t\t\t<div class=\"elementor-widget-wrap elementor-element-populated\">\n\t\t\t\t\t\t<div class=\"elementor-element elementor-element-5a1c66c elementor-widget elementor-widget-heading\" data-id=\"5a1c66c\" data-element_type=\"widget\" data-e-type=\"widget\" data-widget_type=\"heading.default\">\n\t\t\t\t\t<h2 class=\"elementor-heading-title elementor-size-default\">Historia de Metrosalud<\/h2>\t\t\t\t<\/div>\n\t\t\t\t<div class=\"elementor-element elementor-element-2c8d84e elementor-widget elementor-widget-shortcode\" data-id=\"2c8d84e\" data-element_type=\"widget\" data-e-type=\"widget\" data-widget_type=\"shortcode.default\">\n\t\t\t\t\t\t\t<div class=\"elementor-shortcode\">[rank_math_breadcrumb]<\/div>\n\t\t\t\t\t\t<\/div>\n\t\t\t\t\t<\/div>\n\t\t<\/div>\n\t\t\t\t<div class=\"elementor-column elementor-col-50 elementor-top-column elementor-element elementor-element-24df46a\" data-id=\"24df46a\" data-element_type=\"column\" data-e-type=\"column\">\n\t\t\t<div class=\"elementor-widget-wrap\">\n\t\t\t\t\t\t\t<\/div>\n\t\t<\/div>\n\t\t\t\t\t<\/div>\n\t\t<\/section>\n\t\t\t\t<section data-particle_enable=\"false\" data-particle-mobile-disabled=\"false\" class=\"elementor-section elementor-top-section elementor-element elementor-element-8634050 elementor-section-full_width elementor-section-height-default elementor-section-height-default\" data-id=\"8634050\" data-element_type=\"section\" data-e-type=\"section\">\n\t\t\t\t\t\t<div class=\"elementor-container elementor-column-gap-default\">\n\t\t\t\t\t<div class=\"elementor-column elementor-col-100 elementor-top-column elementor-element elementor-element-e0f4abf\" data-id=\"e0f4abf\" data-element_type=\"column\" data-e-type=\"column\">\n\t\t\t<div class=\"elementor-widget-wrap elementor-element-populated\">\n\t\t\t\t\t\t<section data-particle_enable=\"false\" data-particle-mobile-disabled=\"false\" class=\"elementor-section elementor-inner-section elementor-element elementor-element-2d0a3e9 elementor-hidden-mobile elementor-section-full_width elementor-section-height-default elementor-section-height-default\" data-id=\"2d0a3e9\" data-element_type=\"section\" data-e-type=\"section\" data-settings=\"{&quot;background_background&quot;:&quot;classic&quot;}\">\n\t\t\t\t\t\t<div class=\"elementor-container elementor-column-gap-default\">\n\t\t\t\t\t<div class=\"elementor-column elementor-col-100 elementor-inner-column elementor-element elementor-element-01bd759\" data-id=\"01bd759\" data-element_type=\"column\" data-e-type=\"column\">\n\t\t\t<div class=\"elementor-widget-wrap\">\n\t\t\t\t\t\t\t<\/div>\n\t\t<\/div>\n\t\t\t\t\t<\/div>\n\t\t<\/section>\n\t\t\t\t\t<\/div>\n\t\t<\/div>\n\t\t\t\t\t<\/div>\n\t\t<\/section>\n\t\t\t\t<section data-particle_enable=\"false\" data-particle-mobile-disabled=\"false\" class=\"elementor-section elementor-top-section elementor-element elementor-element-e7cca38 elementor-section-boxed elementor-section-height-default elementor-section-height-default\" data-id=\"e7cca38\" data-element_type=\"section\" data-e-type=\"section\">\n\t\t\t\t\t\t<div class=\"elementor-container elementor-column-gap-default\">\n\t\t\t\t\t<div class=\"elementor-column elementor-col-100 elementor-top-column elementor-element elementor-element-a27cf05\" data-id=\"a27cf05\" data-element_type=\"column\" data-e-type=\"column\">\n\t\t\t<div class=\"elementor-widget-wrap elementor-element-populated\">\n\t\t\t\t\t\t<div class=\"elementor-element elementor-element-9756c04 elementor-widget elementor-widget-heading\" data-id=\"9756c04\" data-element_type=\"widget\" data-e-type=\"widget\" data-widget_type=\"heading.default\">\n\t\t\t\t\t<h2 class=\"elementor-heading-title elementor-size-default\">Rese\u00f1a hist\u00f3rica de la ESE Metrosalud <\/h2>\t\t\t\t<\/div>\n\t\t\t\t<div class=\"elementor-element elementor-element-5bf9508 elementor-widget elementor-widget-text-editor\" data-id=\"5bf9508\" data-element_type=\"widget\" data-e-type=\"widget\" data-widget_type=\"text-editor.default\">\n\t\t\t\t\t\t\t\t\t<p><span class=\"TextRun SCXW67491669 BCX0\" lang=\"ES-CO\" xml:lang=\"ES-CO\" data-contrast=\"auto\"><span class=\"NormalTextRun SCXW67491669 BCX0\">85 a\u00f1os de trayectoria y 31 de existencia como Empresa Social del Estado<\/span><span class=\"NormalTextRun SCXW67491669 BCX0\">, han hecho de\u00a0<\/span><span class=\"NormalTextRun SpellingErrorV2Themed SCXW67491669 BCX0\">Metrosalud<\/span><span class=\"NormalTextRun SCXW67491669 BCX0\">\u00a0una instituci\u00f3n en constante e<\/span><span class=\"NormalTextRun SCXW67491669 BCX0\">voluci\u00f3n<\/span><span class=\"NormalTextRun SCXW67491669 BCX0\">\u00a0a trav\u00e9s de un\u00a0<\/span><span class=\"NormalTextRun SCXW67491669 BCX0\">proceso continuo de adaptaci\u00f3n y cambio, impulsado por factores internos y externos como las necesidades sociales<\/span><span class=\"NormalTextRun SCXW67491669 BCX0\">\u00a0de la poblaci\u00f3n<\/span><span class=\"NormalTextRun SCXW67491669 BCX0\">,\u00a0<\/span><span class=\"NormalTextRun SCXW67491669 BCX0\">el accionar pol\u00edtico<\/span><span class=\"NormalTextRun SCXW67491669 BCX0\">\u00a0de sus dirigentes<\/span><span class=\"NormalTextRun SCXW67491669 BCX0\">\u00a0<\/span><span class=\"NormalTextRun SCXW67491669 BCX0\">y la\u00a0<\/span><span class=\"NormalTextRun SCXW67491669 BCX0\">condici\u00f3n\u00a0<\/span><span class=\"NormalTextRun SCXW67491669 BCX0\">humana<\/span><span class=\"NormalTextRun SCXW67491669 BCX0\">\u00a0de sus servidores<\/span><span class=\"NormalTextRun SCXW67491669 BCX0\">.<\/span><\/span><span class=\"EOP SCXW67491669 BCX0\" data-ccp-props=\"{&quot;201341983&quot;:0,&quot;335551550&quot;:6,&quot;335551620&quot;:6,&quot;335559739&quot;:0,&quot;335559740&quot;:240}\">\u00a0<\/span><\/p>\t\t\t\t\t\t\t\t<\/div>\n\t\t\t\t\t<\/div>\n\t\t<\/div>\n\t\t\t\t\t<\/div>\n\t\t<\/section>\n\t\t\t\t<section data-particle_enable=\"false\" data-particle-mobile-disabled=\"false\" class=\"elementor-section elementor-top-section elementor-element elementor-element-3a5976e elementor-section-boxed elementor-section-height-default elementor-section-height-default\" data-id=\"3a5976e\" data-element_type=\"section\" data-e-type=\"section\" data-settings=\"{&quot;shape_divider_top&quot;:&quot;curve&quot;,&quot;shape_divider_top_negative&quot;:&quot;yes&quot;,&quot;background_background&quot;:&quot;gradient&quot;}\">\n\t\t\t\t\t\t\t<div class=\"elementor-background-overlay\"><\/div>\n\t\t\t\t\t\t<div class=\"elementor-shape elementor-shape-top\" aria-hidden=\"true\" data-negative=\"true\">\n\t\t\t<svg xmlns=\"http:\/\/www.w3.org\/2000\/svg\" viewBox=\"0 0 1000 100\" preserveAspectRatio=\"none\">\n\t<path class=\"elementor-shape-fill\" d=\"M500,97C126.7,96.3,0.8,19.8,0,0v100l1000,0V1C1000,19.4,873.3,97.8,500,97z\"\/>\n<\/svg>\t\t<\/div>\n\t\t\t\t\t<div class=\"elementor-container elementor-column-gap-default\">\n\t\t\t\t\t<div class=\"elementor-column elementor-col-100 elementor-top-column elementor-element elementor-element-8eacc7d\" data-id=\"8eacc7d\" data-element_type=\"column\" data-e-type=\"column\">\n\t\t\t<div class=\"elementor-widget-wrap\">\n\t\t\t\t\t\t\t<\/div>\n\t\t<\/div>\n\t\t\t\t\t<\/div>\n\t\t<\/section>\n\t\t\t\t<\/div>\n\t\t","protected":false},"excerpt":{"rendered":"<p>[rank_math_breadcrumb] Main Menu Conoce a Metrosalud Rese\u00f1a hist\u00f3rica Plataforma estrat\u00e9gica Plan de Desarrollo 2026 &#8211; 2030 Organigrama Mapa de procesos [&hellip;]<\/p>\n","protected":false},"author":2,"featured_media":2589,"parent":138,"menu_order":0,"comment_status":"closed","ping_status":"closed","template":"","meta":{"_acf_changed":false,"site-sidebar-layout":"no-sidebar","site-content-layout":"","ast-site-content-layout":"full-width-container","site-content-style":"default","site-sidebar-style":"default","ast-global-header-display":"","ast-banner-title-visibility":"","ast-main-header-display":"","ast-hfb-above-header-display":"","ast-hfb-below-header-display":"","ast-hfb-mobile-header-display":"","site-post-title":"disabled","ast-breadcrumbs-content":"","ast-featured-img":"disabled","footer-sml-layout":"","ast-disable-related-posts":"","theme-transparent-header-meta":"default","adv-header-id-meta":"","stick-header-meta":"","header-above-stick-meta":"","header-main-stick-meta":"","header-below-stick-meta":"","astra-migrate-meta-layouts":"set","ast-page-background-enabled":"default","ast-page-background-meta":{"desktop":{"background-color":"var(--ast-global-color-5)","background-image":"","background-repeat":"repeat","background-position":"center center","background-size":"auto","background-attachment":"scroll","background-type":"","background-media":"","overlay-type":"","overlay-color":"","overlay-opacity":"","overlay-gradient":""},"tablet":{"background-color":"","background-image":"","background-repeat":"repeat","background-position":"center center","background-size":"auto","background-attachment":"scroll","background-type":"","background-media":"","overlay-type":"","overlay-color":"","overlay-opacity":"","overlay-gradient":""},"mobile":{"background-color":"","background-image":"","background-repeat":"repeat","background-position":"center center","background-size":"auto","background-attachment":"scroll","background-type":"","background-media":"","overlay-type":"","overlay-color":"","overlay-opacity":"","overlay-gradient":""}},"ast-content-background-meta":{"desktop":{"background-color":"var(--ast-global-color-4)","background-image":"","background-repeat":"repeat","background-position":"center center","background-size":"auto","background-attachment":"scroll","background-type":"","background-media":"","overlay-type":"","overlay-color":"","overlay-opacity":"","overlay-gradient":""},"tablet":{"background-color":"var(--ast-global-color-4)","background-image":"","background-repeat":"repeat","background-position":"center center","background-size":"auto","background-attachment":"scroll","background-type":"","background-media":"","overlay-type":"","overlay-color":"","overlay-opacity":"","overlay-gradient":""},"mobile":{"background-color":"var(--ast-global-color-4)","background-image":"","background-repeat":"repeat","background-position":"center center","background-size":"auto","background-attachment":"scroll","background-type":"","background-media":"","overlay-type":"","overlay-color":"","overlay-opacity":"","overlay-gradient":""}},"footnotes":""},"class_list":["post-2428","page","type-page","status-publish","has-post-thumbnail","hentry"],"acf":[],"_links":{"self":[{"href":"https:\/\/soymilkyweb.com\/metrosalud\/wp-json\/wp\/v2\/pages\/2428","targetHints":{"allow":["GET"]}}],"collection":[{"href":"https:\/\/soymilkyweb.com\/metrosalud\/wp-json\/wp\/v2\/pages"}],"about":[{"href":"https:\/\/soymilkyweb.com\/metrosalud\/wp-json\/wp\/v2\/types\/page"}],"author":[{"embeddable":true,"href":"https:\/\/soymilkyweb.com\/metrosalud\/wp-json\/wp\/v2\/users\/2"}],"replies":[{"embeddable":true,"href":"https:\/\/soymilkyweb.com\/metrosalud\/wp-json\/wp\/v2\/comments?post=2428"}],"version-history":[{"count":98,"href":"https:\/\/soymilkyweb.com\/metrosalud\/wp-json\/wp\/v2\/pages\/2428\/revisions"}],"predecessor-version":[{"id":11610,"href":"https:\/\/soymilkyweb.com\/metrosalud\/wp-json\/wp\/v2\/pages\/2428\/revisions\/11610"}],"up":[{"embeddable":true,"href":"https:\/\/soymilkyweb.com\/metrosalud\/wp-json\/wp\/v2\/pages\/138"}],"wp:featuredmedia":[{"embeddable":true,"href":"https:\/\/soymilkyweb.com\/metrosalud\/wp-json\/wp\/v2\/media\/2589"}],"wp:attachment":[{"href":"https:\/\/soymilkyweb.com\/metrosalud\/wp-json\/wp\/v2\/media?parent=2428"}],"curies":[{"name":"wp","href":"https:\/\/api.w.org\/{rel}","templated":true}]}}