{"id":5110,"date":"2026-02-23T01:36:47","date_gmt":"2026-02-23T01:36:47","guid":{"rendered":"https:\/\/soymilkyweb.com\/metrosalud\/?page_id=5110"},"modified":"2026-03-27T13:37:49","modified_gmt":"2026-03-27T13:37:49","slug":"mepia","status":"publish","type":"page","link":"https:\/\/soymilkyweb.com\/metrosalud\/programas-y-convenios\/mepia\/","title":{"rendered":"MEPIA"},"content":{"rendered":"\t\t<div data-elementor-type=\"wp-page\" data-elementor-id=\"5110\" class=\"elementor elementor-5110\" data-elementor-post-type=\"page\">\n\t\t\t\t\t\t<section data-particle_enable=\"false\" data-particle-mobile-disabled=\"false\" class=\"elementor-section elementor-top-section elementor-element elementor-element-6a6f3e1 elementor-section-boxed elementor-section-height-default elementor-section-height-default\" data-id=\"6a6f3e1\" data-element_type=\"section\" data-e-type=\"section\" data-settings=\"{&quot;background_background&quot;:&quot;classic&quot;}\">\n\t\t\t\t\t\t\t<div class=\"elementor-background-overlay\"><\/div>\n\t\t\t\t\t\t\t<div class=\"elementor-container elementor-column-gap-default\">\n\t\t\t\t\t<div class=\"elementor-column elementor-col-50 elementor-top-column elementor-element elementor-element-8a26df6\" data-id=\"8a26df6\" data-element_type=\"column\" data-e-type=\"column\">\n\t\t\t<div class=\"elementor-widget-wrap elementor-element-populated\">\n\t\t\t\t\t\t<div class=\"elementor-element elementor-element-2b223a1 elementor-widget elementor-widget-heading\" data-id=\"2b223a1\" data-element_type=\"widget\" data-e-type=\"widget\" data-widget_type=\"heading.default\">\n\t\t\t\t\t<h2 class=\"elementor-heading-title elementor-size-default\">MEPIA<\/h2>\t\t\t\t<\/div>\n\t\t\t\t<div class=\"elementor-element elementor-element-f49b078 elementor-widget elementor-widget-shortcode\" data-id=\"f49b078\" data-element_type=\"widget\" data-e-type=\"widget\" data-widget_type=\"shortcode.default\">\n\t\t\t\t\t\t\t<div class=\"elementor-shortcode\">[rank_math_breadcrumb]<\/div>\n\t\t\t\t\t\t<\/div>\n\t\t\t\t\t<\/div>\n\t\t<\/div>\n\t\t\t\t<div class=\"elementor-column elementor-col-50 elementor-top-column elementor-element elementor-element-bb7ae7e\" data-id=\"bb7ae7e\" data-element_type=\"column\" data-e-type=\"column\">\n\t\t\t<div class=\"elementor-widget-wrap\">\n\t\t\t\t\t\t\t<\/div>\n\t\t<\/div>\n\t\t\t\t\t<\/div>\n\t\t<\/section>\n\t\t\t\t<section data-particle_enable=\"false\" data-particle-mobile-disabled=\"false\" class=\"elementor-section elementor-top-section elementor-element elementor-element-666cdba elementor-section-boxed elementor-section-height-default elementor-section-height-default\" data-id=\"666cdba\" data-element_type=\"section\" data-e-type=\"section\">\n\t\t\t\t\t\t<div class=\"elementor-container elementor-column-gap-default\">\n\t\t\t\t\t<div class=\"elementor-column elementor-col-100 elementor-top-column elementor-element elementor-element-0e37d53\" data-id=\"0e37d53\" data-element_type=\"column\" data-e-type=\"column\">\n\t\t\t<div class=\"elementor-widget-wrap elementor-element-populated\">\n\t\t\t\t\t\t<div class=\"elementor-element elementor-element-265331e elementor-widget elementor-widget-heading\" data-id=\"265331e\" data-element_type=\"widget\" data-e-type=\"widget\" data-widget_type=\"heading.default\">\n\t\t\t\t\t<h2 class=\"elementor-heading-title elementor-size-default\">MEPIA<\/h2>\t\t\t\t<\/div>\n\t\t\t\t<div class=\"elementor-element elementor-element-70bc48e elementor-widget elementor-widget-heading\" data-id=\"70bc48e\" data-element_type=\"widget\" data-e-type=\"widget\" data-widget_type=\"heading.default\">\n\t\t\t\t\t<h2 class=\"elementor-heading-title elementor-size-default\">Medell\u00edn Entorno Protector de la Infancia y la Adolescencia <\/h2>\t\t\t\t<\/div>\n\t\t\t\t<div class=\"elementor-element elementor-element-e05d487 elementor-widget elementor-widget-text-editor\" data-id=\"e05d487\" data-element_type=\"widget\" data-e-type=\"widget\" data-widget_type=\"text-editor.default\">\n\t\t\t\t\t\t\t\t\t<p>Medell\u00edn Entorno Protector de la Infancia y la Adolescencia (MEPIA) es un programa \u00a0que brinda acompa\u00f1amiento psicosocial integral a ni\u00f1as, ni\u00f1os y adolescentes que se encuentran en situaci\u00f3n de riesgo \u00a0con el prop\u00f3sito de proteger, restituir y garantizar los derechos de la infancia y la adolescencia, promoviendo entornos seguros, protectores y favorables para su desarrollo integral en el Distrito Especial de Medell\u00edn.<\/p>\t\t\t\t\t\t\t\t<\/div>\n\t\t\t\t\t<\/div>\n\t\t<\/div>\n\t\t\t\t\t<\/div>\n\t\t<\/section>\n\t\t\t\t<section data-particle_enable=\"false\" data-particle-mobile-disabled=\"false\" class=\"elementor-section elementor-top-section elementor-element elementor-element-f0e8c5b elementor-section-boxed elementor-section-height-default elementor-section-height-default\" data-id=\"f0e8c5b\" data-element_type=\"section\" data-e-type=\"section\" data-settings=\"{&quot;background_background&quot;:&quot;classic&quot;,&quot;shape_divider_top_negative&quot;:&quot;yes&quot;,&quot;shape_divider_top&quot;:&quot;curve&quot;}\">\n\t\t\t\t\t<div class=\"elementor-shape elementor-shape-top\" aria-hidden=\"true\" data-negative=\"true\">\n\t\t\t<svg xmlns=\"http:\/\/www.w3.org\/2000\/svg\" viewBox=\"0 0 1000 100\" preserveAspectRatio=\"none\">\n\t<path class=\"elementor-shape-fill\" d=\"M500,97C126.7,96.3,0.8,19.8,0,0v100l1000,0V1C1000,19.4,873.3,97.8,500,97z\"\/>\n<\/svg>\t\t<\/div>\n\t\t\t\t\t<div class=\"elementor-container elementor-column-gap-default\">\n\t\t\t\t\t<div class=\"elementor-column elementor-col-50 elementor-top-column elementor-element elementor-element-09c9e4a\" data-id=\"09c9e4a\" data-element_type=\"column\" data-e-type=\"column\" data-settings=\"{&quot;background_background&quot;:&quot;classic&quot;}\">\n\t\t\t<div class=\"elementor-widget-wrap elementor-element-populated\">\n\t\t\t\t\t\t<div class=\"elementor-element elementor-element-53756e1 elementor-widget elementor-widget-image\" data-id=\"53756e1\" data-element_type=\"widget\" data-e-type=\"widget\" data-widget_type=\"image.default\">\n\t\t\t\t\t\t\t\t\t\t\t\t\t\t\t<img fetchpriority=\"high\" decoding=\"async\" width=\"600\" height=\"803\" src=\"https:\/\/soymilkyweb.com\/metrosalud\/wp-content\/uploads\/2026\/03\/mepia.png\" class=\"attachment-large size-large wp-image-9988\" alt=\"\" srcset=\"https:\/\/soymilkyweb.com\/metrosalud\/wp-content\/uploads\/2026\/03\/mepia.png 600w, https:\/\/soymilkyweb.com\/metrosalud\/wp-content\/uploads\/2026\/03\/mepia-224x300.png 224w\" sizes=\"(max-width: 600px) 100vw, 600px\" \/>\t\t\t\t\t\t\t\t\t\t\t\t\t\t\t<\/div>\n\t\t\t\t\t<\/div>\n\t\t<\/div>\n\t\t\t\t<div class=\"elementor-column elementor-col-50 elementor-top-column elementor-element elementor-element-cc1a63a\" data-id=\"cc1a63a\" data-element_type=\"column\" data-e-type=\"column\">\n\t\t\t<div class=\"elementor-widget-wrap elementor-element-populated\">\n\t\t\t\t\t\t<div class=\"elementor-element elementor-element-5f384ff elementor-widget elementor-widget-heading\" data-id=\"5f384ff\" data-element_type=\"widget\" data-e-type=\"widget\" data-widget_type=\"heading.default\">\n\t\t\t\t\t<h2 class=\"elementor-heading-title elementor-size-default\">Objetivo general<\/h2>\t\t\t\t<\/div>\n\t\t\t\t<div class=\"elementor-element elementor-element-c07d53a elementor-widget__width-initial elementor-widget elementor-widget-text-editor\" data-id=\"c07d53a\" data-element_type=\"widget\" data-e-type=\"widget\" data-widget_type=\"text-editor.default\">\n\t\t\t\t\t\t\t\t\t<p>Realizar acompa\u00f1amiento psicosocial en la atenci\u00f3n a ni\u00f1as, ni\u00f1os y adolescentes con riesgo o vulneraci\u00f3n de derechos.<\/p>\t\t\t\t\t\t\t\t<\/div>\n\t\t\t\t<div class=\"elementor-element elementor-element-92ab829 elementor-widget elementor-widget-heading\" data-id=\"92ab829\" data-element_type=\"widget\" data-e-type=\"widget\" data-widget_type=\"heading.default\">\n\t\t\t\t\t<h2 class=\"elementor-heading-title elementor-size-default\">\u00bfC\u00f3mo se desarrolla MEPIA?<\/h2>\t\t\t\t<\/div>\n\t\t\t\t<div class=\"elementor-element elementor-element-b422c9b elementor-widget__width-initial elementor-widget elementor-widget-text-editor\" data-id=\"b422c9b\" data-element_type=\"widget\" data-e-type=\"widget\" data-widget_type=\"text-editor.default\">\n\t\t\t\t\t\t\t\t\t<p>Se implementa a trav\u00e9s de tres componentes articulados, que responden a las necesidades del territorio y al Sistema Integral de Protecci\u00f3n a la Infancia y la Adolescencia.<\/p>\t\t\t\t\t\t\t\t<\/div>\n\t\t\t\t\t<\/div>\n\t\t<\/div>\n\t\t\t\t\t<\/div>\n\t\t<\/section>\n\t\t<div data-particle_enable=\"false\" data-particle-mobile-disabled=\"false\" class=\"elementor-element elementor-element-c1721ef e-flex e-con-boxed e-con e-parent\" data-id=\"c1721ef\" data-element_type=\"container\" data-e-type=\"container\" data-settings=\"{&quot;background_background&quot;:&quot;classic&quot;}\">\n\t\t\t\t\t<div class=\"e-con-inner\">\n\t\t<div data-particle_enable=\"false\" data-particle-mobile-disabled=\"false\" class=\"elementor-element elementor-element-bf8afd2 e-con-full e-flex e-con e-child\" data-id=\"bf8afd2\" data-element_type=\"container\" data-e-type=\"container\">\n\t\t\t\t<div class=\"elementor-element elementor-element-805052f elementor-widget elementor-widget-image-box\" data-id=\"805052f\" data-element_type=\"widget\" data-e-type=\"widget\" data-widget_type=\"image-box.default\">\n\t\t\t\t\t<div class=\"elementor-image-box-wrapper\"><div class=\"elementor-image-box-content\"><h3 class=\"elementor-image-box-title\">Componente 1. <br>Atenci\u00f3n a ni\u00f1as, ni\u00f1os y adolescentes con derechos inobservados, amenazados o vulnerados<\/h3><p class=\"elementor-image-box-description\">\u2022\tGesti\u00f3n de casos y atenci\u00f3n a PQRSD: Recepci\u00f3n, verificaci\u00f3n y gesti\u00f3n de reportes relacionados con presuntas vulneraciones de derechos, activando rutas de atenci\u00f3n y derivando a las instancias competentes.<br><br>\n\u2022\tAtenci\u00f3n complementaria en entorno seguro: Procesos de atenci\u00f3n en jornada contraria a la escolar, dirigidos a ni\u00f1as, ni\u00f1os y adolescentes entre 6 y 17 a\u00f1os con riesgos asociados a vida en calle, trabajo infantil, consumo de sustancias psicoactivas, explotaci\u00f3n sexual comercial, vinculaci\u00f3n a grupos armados u otras situaciones de vulnerabilidad.<br><br>\n\u2022\tAtenci\u00f3n transitoria \u2013 Centro de Diagn\u00f3stico y Derivaci\u00f3n: Atenci\u00f3n inmediata, permanente (24 horas, 7 d\u00edas), para ni\u00f1as, ni\u00f1os y adolescentes entre 9 y 17 a\u00f1os remitidos por autoridad administrativa, cuando requieren una medida de protecci\u00f3n urgente y no procede su ubicaci\u00f3n en hogar de paso, conforme a la Ley 1098 de 2006.\n<\/p><\/div><\/div>\t\t\t\t<\/div>\n\t\t\t\t<\/div>\n\t\t<div data-particle_enable=\"false\" data-particle-mobile-disabled=\"false\" class=\"elementor-element elementor-element-faaa812 e-con-full e-flex e-con e-child\" data-id=\"faaa812\" data-element_type=\"container\" data-e-type=\"container\">\n\t\t\t\t<div class=\"elementor-element elementor-element-a84960b elementor-widget elementor-widget-image-box\" data-id=\"a84960b\" data-element_type=\"widget\" data-e-type=\"widget\" data-widget_type=\"image-box.default\">\n\t\t\t\t\t<div class=\"elementor-image-box-wrapper\"><div class=\"elementor-image-box-content\"><h3 class=\"elementor-image-box-title\">Componente 2. <br>Gesti\u00f3n y an\u00e1lisis estrat\u00e9gico<\/h3><p class=\"elementor-image-box-description\">\u2022\tSeguimiento y an\u00e1lisis de la ejecuci\u00f3n de los proyectos dirigidos a la infancia y adolescencia.<br>\n\u2022\tGesti\u00f3n administrativa orientada a la cualificaci\u00f3n permanente de los servicios.<br>\n\u2022\tImplementaci\u00f3n del Sistema Integral de Calidad en los procesos de atenci\u00f3n.<br>\n\u2022\tSeguimiento y an\u00e1lisis de la ejecuci\u00f3n de los proyectos dirigidos a la infancia y adolescencia.<br>\n\u2022\tGesti\u00f3n administrativa orientada a la cualificaci\u00f3n permanente de los servicios.<br>\n\u2022\tImplementaci\u00f3n del Sistema Integral de Calidad en los procesos de atenci\u00f3n.<br>\n<\/p><\/div><\/div>\t\t\t\t<\/div>\n\t\t\t\t<div class=\"elementor-element elementor-element-f04533a elementor-widget elementor-widget-image-box\" data-id=\"f04533a\" data-element_type=\"widget\" data-e-type=\"widget\" data-widget_type=\"image-box.default\">\n\t\t\t\t\t<div class=\"elementor-image-box-wrapper\"><div class=\"elementor-image-box-content\"><h3 class=\"elementor-image-box-title\">Componente 3. <br>Transversalizaci\u00f3n y log\u00edstica<\/h3><p class=\"elementor-image-box-description\">Garantiza los recursos necesarios para el desarrollo del proyecto, mediante acciones de planeaci\u00f3n, gesti\u00f3n, adquisici\u00f3n y seguimiento administrativo, financiero y log\u00edstico, que permiten la operaci\u00f3n adecuada y continua de MEPIA.<\/p><\/div><\/div>\t\t\t\t<\/div>\n\t\t\t\t<\/div>\n\t\t\t\t\t<\/div>\n\t\t\t\t<\/div>\n\t\t\t\t<section data-particle_enable=\"false\" data-particle-mobile-disabled=\"false\" class=\"elementor-section elementor-top-section elementor-element elementor-element-e251818 elementor-section-boxed elementor-section-height-default elementor-section-height-default\" data-id=\"e251818\" data-element_type=\"section\" data-e-type=\"section\" data-settings=\"{&quot;background_background&quot;:&quot;classic&quot;,&quot;shape_divider_top_negative&quot;:&quot;yes&quot;,&quot;shape_divider_top&quot;:&quot;curve&quot;}\">\n\t\t\t\t\t<div class=\"elementor-shape elementor-shape-top\" aria-hidden=\"true\" data-negative=\"true\">\n\t\t\t<svg xmlns=\"http:\/\/www.w3.org\/2000\/svg\" viewBox=\"0 0 1000 100\" preserveAspectRatio=\"none\">\n\t<path class=\"elementor-shape-fill\" d=\"M500,97C126.7,96.3,0.8,19.8,0,0v100l1000,0V1C1000,19.4,873.3,97.8,500,97z\"\/>\n<\/svg>\t\t<\/div>\n\t\t\t\t\t<div class=\"elementor-container elementor-column-gap-default\">\n\t\t\t\t\t<div class=\"elementor-column elementor-col-50 elementor-top-column elementor-element elementor-element-5331ed9\" data-id=\"5331ed9\" data-element_type=\"column\" data-e-type=\"column\">\n\t\t\t<div class=\"elementor-widget-wrap elementor-element-populated\">\n\t\t\t\t\t\t<div class=\"elementor-element elementor-element-ddeae1d elementor-widget elementor-widget-heading\" data-id=\"ddeae1d\" data-element_type=\"widget\" data-e-type=\"widget\" data-widget_type=\"heading.default\">\n\t\t\t\t\t<h2 class=\"elementor-heading-title elementor-size-default\">\u00bfA qui\u00e9n va dirigido? <\/h2>\t\t\t\t<\/div>\n\t\t\t\t<div class=\"elementor-element elementor-element-c0dcfc3 elementor-widget elementor-widget-text-editor\" data-id=\"c0dcfc3\" data-element_type=\"widget\" data-e-type=\"widget\" data-widget_type=\"text-editor.default\">\n\t\t\t\t\t\t\t\t\t<p>MEPIA est\u00e1 dirigido a ni\u00f1as, ni\u00f1os y adolescentes entre los 6 y 17 a\u00f1os que habitan en el Distrito Especial de Medell\u00edn y que se encuentran en situaci\u00f3n de riesgo o vulneraci\u00f3n de derechos.<\/p>\t\t\t\t\t\t\t\t<\/div>\n\t\t\t\t<div class=\"elementor-element elementor-element-5d1e5b7 elementor-widget elementor-widget-text-editor\" data-id=\"5d1e5b7\" data-element_type=\"widget\" data-e-type=\"widget\" data-widget_type=\"text-editor.default\">\n\t\t\t\t\t\t\t\t\t<p>MEPIA es una apuesta por el cuidado, la protecci\u00f3n y el futuro de la infancia y la adolescencia, porque garantizar sus derechos hoy es construir una Medell\u00edn m\u00e1s justa, segura y humana ma\u00f1ana.<\/p>\t\t\t\t\t\t\t\t<\/div>\n\t\t\t\t\t<\/div>\n\t\t<\/div>\n\t\t\t\t<div class=\"elementor-column elementor-col-50 elementor-top-column elementor-element elementor-element-21b6404\" data-id=\"21b6404\" data-element_type=\"column\" data-e-type=\"column\">\n\t\t\t<div class=\"elementor-widget-wrap elementor-element-populated\">\n\t\t\t\t\t\t<div class=\"elementor-element elementor-element-121bc8b elementor-widget elementor-widget-image\" data-id=\"121bc8b\" data-element_type=\"widget\" data-e-type=\"widget\" data-widget_type=\"image.default\">\n\t\t\t\t\t\t\t\t\t\t\t\t\t\t\t<img decoding=\"async\" width=\"600\" height=\"803\" src=\"https:\/\/soymilkyweb.com\/metrosalud\/wp-content\/uploads\/2026\/03\/MEPIA2.png\" class=\"attachment-large size-large wp-image-9990\" alt=\"\" srcset=\"https:\/\/soymilkyweb.com\/metrosalud\/wp-content\/uploads\/2026\/03\/MEPIA2.png 600w, https:\/\/soymilkyweb.com\/metrosalud\/wp-content\/uploads\/2026\/03\/MEPIA2-224x300.png 224w\" sizes=\"(max-width: 600px) 100vw, 600px\" \/>\t\t\t\t\t\t\t\t\t\t\t\t\t\t\t<\/div>\n\t\t\t\t\t<\/div>\n\t\t<\/div>\n\t\t\t\t\t<\/div>\n\t\t<\/section>\n\t\t\t\t<section data-particle_enable=\"false\" data-particle-mobile-disabled=\"false\" class=\"elementor-section elementor-top-section elementor-element elementor-element-f5b8ebf elementor-section-boxed elementor-section-height-default elementor-section-height-default\" data-id=\"f5b8ebf\" data-element_type=\"section\" data-e-type=\"section\" data-settings=\"{&quot;background_background&quot;:&quot;classic&quot;}\">\n\t\t\t\t\t\t<div class=\"elementor-container elementor-column-gap-default\">\n\t\t\t\t\t<div class=\"elementor-column elementor-col-100 elementor-top-column elementor-element elementor-element-167e0bb\" data-id=\"167e0bb\" data-element_type=\"column\" data-e-type=\"column\">\n\t\t\t<div class=\"elementor-widget-wrap elementor-element-populated\">\n\t\t\t\t\t\t<div class=\"elementor-element elementor-element-da916de elementor-widget elementor-widget-text-editor\" data-id=\"da916de\" data-element_type=\"widget\" data-e-type=\"widget\" data-widget_type=\"text-editor.default\">\n\t\t\t\t\t\t\t\t\t<p>MEPIA es una apuesta por el cuidado, la protecci\u00f3n y el futuro de la infancia y la adolescencia, porque garantizar sus derechos hoy es construir una Medell\u00edn m\u00e1s justa, segura y humana ma\u00f1ana.<\/p>\t\t\t\t\t\t\t\t<\/div>\n\t\t\t\t\t<\/div>\n\t\t<\/div>\n\t\t\t\t\t<\/div>\n\t\t<\/section>\n\t\t\t\t<\/div>\n\t\t","protected":false},"excerpt":{"rendered":"<p>[rank_math_breadcrumb] MEPIA Medell\u00edn Entorno Protector de la Infancia y la Adolescencia Medell\u00edn Entorno Protector de la Infancia y la Adolescencia [&hellip;]<\/p>\n","protected":false},"author":2,"featured_media":4997,"parent":4981,"menu_order":0,"comment_status":"closed","ping_status":"closed","template":"","meta":{"_acf_changed":false,"site-sidebar-layout":"no-sidebar","site-content-layout":"","ast-site-content-layout":"full-width-container","site-content-style":"default","site-sidebar-style":"default","ast-global-header-display":"","ast-banner-title-visibility":"","ast-main-header-display":"","ast-hfb-above-header-display":"","ast-hfb-below-header-display":"","ast-hfb-mobile-header-display":"","site-post-title":"disabled","ast-breadcrumbs-content":"","ast-featured-img":"disabled","footer-sml-layout":"","ast-disable-related-posts":"","theme-transparent-header-meta":"","adv-header-id-meta":"","stick-header-meta":"","header-above-stick-meta":"","header-main-stick-meta":"","header-below-stick-meta":"","astra-migrate-meta-layouts":"default","ast-page-background-enabled":"default","ast-page-background-meta":{"desktop":{"background-color":"var(--ast-global-color-5)","background-image":"","background-repeat":"repeat","background-position":"center center","background-size":"auto","background-attachment":"scroll","background-type":"","background-media":"","overlay-type":"","overlay-color":"","overlay-opacity":"","overlay-gradient":""},"tablet":{"background-color":"","background-image":"","background-repeat":"repeat","background-position":"center center","background-size":"auto","background-attachment":"scroll","background-type":"","background-media":"","overlay-type":"","overlay-color":"","overlay-opacity":"","overlay-gradient":""},"mobile":{"background-color":"","background-image":"","background-repeat":"repeat","background-position":"center center","background-size":"auto","background-attachment":"scroll","background-type":"","background-media":"","overlay-type":"","overlay-color":"","overlay-opacity":"","overlay-gradient":""}},"ast-content-background-meta":{"desktop":{"background-color":"var(--ast-global-color-4)","background-image":"","background-repeat":"repeat","background-position":"center center","background-size":"auto","background-attachment":"scroll","background-type":"","background-media":"","overlay-type":"","overlay-color":"","overlay-opacity":"","overlay-gradient":""},"tablet":{"background-color":"var(--ast-global-color-4)","background-image":"","background-repeat":"repeat","background-position":"center center","background-size":"auto","background-attachment":"scroll","background-type":"","background-media":"","overlay-type":"","overlay-color":"","overlay-opacity":"","overlay-gradient":""},"mobile":{"background-color":"var(--ast-global-color-4)","background-image":"","background-repeat":"repeat","background-position":"center center","background-size":"auto","background-attachment":"scroll","background-type":"","background-media":"","overlay-type":"","overlay-color":"","overlay-opacity":"","overlay-gradient":""}},"footnotes":""},"class_list":["post-5110","page","type-page","status-publish","has-post-thumbnail","hentry"],"acf":[],"_links":{"self":[{"href":"https:\/\/soymilkyweb.com\/metrosalud\/wp-json\/wp\/v2\/pages\/5110","targetHints":{"allow":["GET"]}}],"collection":[{"href":"https:\/\/soymilkyweb.com\/metrosalud\/wp-json\/wp\/v2\/pages"}],"about":[{"href":"https:\/\/soymilkyweb.com\/metrosalud\/wp-json\/wp\/v2\/types\/page"}],"author":[{"embeddable":true,"href":"https:\/\/soymilkyweb.com\/metrosalud\/wp-json\/wp\/v2\/users\/2"}],"replies":[{"embeddable":true,"href":"https:\/\/soymilkyweb.com\/metrosalud\/wp-json\/wp\/v2\/comments?post=5110"}],"version-history":[{"count":34,"href":"https:\/\/soymilkyweb.com\/metrosalud\/wp-json\/wp\/v2\/pages\/5110\/revisions"}],"predecessor-version":[{"id":10009,"href":"https:\/\/soymilkyweb.com\/metrosalud\/wp-json\/wp\/v2\/pages\/5110\/revisions\/10009"}],"up":[{"embeddable":true,"href":"https:\/\/soymilkyweb.com\/metrosalud\/wp-json\/wp\/v2\/pages\/4981"}],"wp:featuredmedia":[{"embeddable":true,"href":"https:\/\/soymilkyweb.com\/metrosalud\/wp-json\/wp\/v2\/media\/4997"}],"wp:attachment":[{"href":"https:\/\/soymilkyweb.com\/metrosalud\/wp-json\/wp\/v2\/media?parent=5110"}],"curies":[{"name":"wp","href":"https:\/\/api.w.org\/{rel}","templated":true}]}}