{"id":5210,"date":"2026-02-23T11:15:00","date_gmt":"2026-02-23T11:15:00","guid":{"rendered":"https:\/\/soymilkyweb.com\/metrosalud\/?page_id=5210"},"modified":"2026-03-27T15:20:18","modified_gmt":"2026-03-27T15:20:18","slug":"unidad-familia-medellin","status":"publish","type":"page","link":"https:\/\/soymilkyweb.com\/metrosalud\/programas-y-convenios\/unidad-familia-medellin\/","title":{"rendered":"Unidad Familia Medell\u00edn"},"content":{"rendered":"\t\t<div data-elementor-type=\"wp-page\" data-elementor-id=\"5210\" class=\"elementor elementor-5210\" data-elementor-post-type=\"page\">\n\t\t\t\t\t\t<section data-particle_enable=\"false\" data-particle-mobile-disabled=\"false\" class=\"elementor-section elementor-top-section elementor-element elementor-element-6a6f3e1 elementor-section-boxed elementor-section-height-default elementor-section-height-default\" data-id=\"6a6f3e1\" data-element_type=\"section\" data-e-type=\"section\" data-settings=\"{&quot;background_background&quot;:&quot;classic&quot;}\">\n\t\t\t\t\t\t\t<div class=\"elementor-background-overlay\"><\/div>\n\t\t\t\t\t\t\t<div class=\"elementor-container elementor-column-gap-default\">\n\t\t\t\t\t<div class=\"elementor-column elementor-col-50 elementor-top-column elementor-element elementor-element-8a26df6\" data-id=\"8a26df6\" data-element_type=\"column\" data-e-type=\"column\">\n\t\t\t<div class=\"elementor-widget-wrap elementor-element-populated\">\n\t\t\t\t\t\t<div class=\"elementor-element elementor-element-2b223a1 elementor-widget elementor-widget-heading\" data-id=\"2b223a1\" data-element_type=\"widget\" data-e-type=\"widget\" data-widget_type=\"heading.default\">\n\t\t\t\t\t<h2 class=\"elementor-heading-title elementor-size-default\">Unidad Familia Medell\u00edn<\/h2>\t\t\t\t<\/div>\n\t\t\t\t<div class=\"elementor-element elementor-element-f49b078 elementor-widget elementor-widget-shortcode\" data-id=\"f49b078\" data-element_type=\"widget\" data-e-type=\"widget\" data-widget_type=\"shortcode.default\">\n\t\t\t\t\t\t\t<div class=\"elementor-shortcode\">[rank_math_breadcrumb]<\/div>\n\t\t\t\t\t\t<\/div>\n\t\t\t\t\t<\/div>\n\t\t<\/div>\n\t\t\t\t<div class=\"elementor-column elementor-col-50 elementor-top-column elementor-element elementor-element-bb7ae7e\" data-id=\"bb7ae7e\" data-element_type=\"column\" data-e-type=\"column\">\n\t\t\t<div class=\"elementor-widget-wrap\">\n\t\t\t\t\t\t\t<\/div>\n\t\t<\/div>\n\t\t\t\t\t<\/div>\n\t\t<\/section>\n\t\t\t\t<section data-particle_enable=\"false\" data-particle-mobile-disabled=\"false\" class=\"elementor-section elementor-top-section elementor-element elementor-element-666cdba elementor-section-boxed elementor-section-height-default elementor-section-height-default\" data-id=\"666cdba\" data-element_type=\"section\" data-e-type=\"section\">\n\t\t\t\t\t\t<div class=\"elementor-container elementor-column-gap-default\">\n\t\t\t\t\t<div class=\"elementor-column elementor-col-100 elementor-top-column elementor-element elementor-element-0e37d53\" data-id=\"0e37d53\" data-element_type=\"column\" data-e-type=\"column\">\n\t\t\t<div class=\"elementor-widget-wrap elementor-element-populated\">\n\t\t\t\t\t\t<div class=\"elementor-element elementor-element-70bc48e elementor-widget elementor-widget-heading\" data-id=\"70bc48e\" data-element_type=\"widget\" data-e-type=\"widget\" data-widget_type=\"heading.default\">\n\t\t\t\t\t<h2 class=\"elementor-heading-title elementor-size-default\">Unidad Familia Medell\u00edn<\/h2>\t\t\t\t<\/div>\n\t\t\t\t<div class=\"elementor-element elementor-element-e05d487 elementor-widget elementor-widget-text-editor\" data-id=\"e05d487\" data-element_type=\"widget\" data-e-type=\"widget\" data-widget_type=\"text-editor.default\">\n\t\t\t\t\t\t\t\t\t<p><span data-contrast=\"auto\">La Unidad Familia Medell\u00edn es una estrategia del Distrito que ofrece atenci\u00f3n integral a personas y familias en situaci\u00f3n de vulnerabilidad, mediante procesos de acompa\u00f1amiento psicosocial y familiar que buscan fortalecer las capacidades, los v\u00ednculos y las condiciones de vida de los hogares en Medell\u00edn.<\/span><span data-ccp-props=\"{&quot;335551550&quot;:6,&quot;335551620&quot;:6,&quot;335559739&quot;:0}\">\u00a0<\/span><\/p><p><span data-ccp-props=\"{&quot;335551550&quot;:6,&quot;335551620&quot;:6,&quot;335559739&quot;:0}\">\u00a0<\/span><\/p><p><span data-contrast=\"auto\">El proyecto promueve el bienestar desde una mirada integral del ser humano, facilitando el acceso a oportunidades sociales, institucionales y comunitarias, y operando programas del orden nacional, como los liderados por Prosperidad Social, orientados a la superaci\u00f3n de la pobreza extrema.<\/span><span data-ccp-props=\"{&quot;335551550&quot;:6,&quot;335551620&quot;:6,&quot;335559739&quot;:0}\">\u00a0<\/span><\/p>\t\t\t\t\t\t\t\t<\/div>\n\t\t\t\t\t<\/div>\n\t\t<\/div>\n\t\t\t\t\t<\/div>\n\t\t<\/section>\n\t\t\t\t<section data-particle_enable=\"false\" data-particle-mobile-disabled=\"false\" class=\"elementor-section elementor-top-section elementor-element elementor-element-f0e8c5b elementor-section-boxed elementor-section-height-default elementor-section-height-default\" data-id=\"f0e8c5b\" data-element_type=\"section\" data-e-type=\"section\">\n\t\t\t\t\t\t<div class=\"elementor-container elementor-column-gap-default\">\n\t\t\t\t\t<div class=\"elementor-column elementor-col-50 elementor-top-column elementor-element elementor-element-09c9e4a\" data-id=\"09c9e4a\" data-element_type=\"column\" data-e-type=\"column\">\n\t\t\t<div class=\"elementor-widget-wrap elementor-element-populated\">\n\t\t\t\t\t\t<div class=\"elementor-element elementor-element-f619e4b elementor-widget elementor-widget-image\" data-id=\"f619e4b\" data-element_type=\"widget\" data-e-type=\"widget\" data-widget_type=\"image.default\">\n\t\t\t\t\t\t\t\t\t\t\t\t\t\t\t<img fetchpriority=\"high\" decoding=\"async\" width=\"600\" height=\"803\" src=\"https:\/\/soymilkyweb.com\/metrosalud\/wp-content\/uploads\/2026\/03\/Unidad-Familia-Medellin3.png\" class=\"attachment-large size-large wp-image-10102\" alt=\"\" srcset=\"https:\/\/soymilkyweb.com\/metrosalud\/wp-content\/uploads\/2026\/03\/Unidad-Familia-Medellin3.png 600w, https:\/\/soymilkyweb.com\/metrosalud\/wp-content\/uploads\/2026\/03\/Unidad-Familia-Medellin3-224x300.png 224w\" sizes=\"(max-width: 600px) 100vw, 600px\" \/>\t\t\t\t\t\t\t\t\t\t\t\t\t\t\t<\/div>\n\t\t\t\t\t<\/div>\n\t\t<\/div>\n\t\t\t\t<div class=\"elementor-column elementor-col-50 elementor-top-column elementor-element elementor-element-cc1a63a\" data-id=\"cc1a63a\" data-element_type=\"column\" data-e-type=\"column\">\n\t\t\t<div class=\"elementor-widget-wrap elementor-element-populated\">\n\t\t\t\t\t\t<div class=\"elementor-element elementor-element-92ab829 elementor-widget elementor-widget-heading\" data-id=\"92ab829\" data-element_type=\"widget\" data-e-type=\"widget\" data-widget_type=\"heading.default\">\n\t\t\t\t\t<h2 class=\"elementor-heading-title elementor-size-default\"> \n\n\u00bfC\u00f3mo se desarrolla el acompa\u00f1amiento? <\/h2>\t\t\t\t<\/div>\n\t\t\t\t<div class=\"elementor-element elementor-element-daa4bf0 elementor-widget elementor-widget-image-box\" data-id=\"daa4bf0\" data-element_type=\"widget\" data-e-type=\"widget\" data-widget_type=\"image-box.default\">\n\t\t\t\t\t<div class=\"elementor-image-box-wrapper\"><div class=\"elementor-image-box-content\"><h3 class=\"elementor-image-box-title\">Acompa\u00f1amiento psicosocial <\/h3><p class=\"elementor-image-box-description\">Brinda espacios de escucha, orientaci\u00f3n y atenci\u00f3n profesional para el abordaje de situaciones que afectan el bienestar individual y familiar, fortaleciendo la convivencia, la salud emocional y el buen vivir. <\/p><\/div><\/div>\t\t\t\t<\/div>\n\t\t\t\t<div class=\"elementor-element elementor-element-00e6799 elementor-widget elementor-widget-image-box\" data-id=\"00e6799\" data-element_type=\"widget\" data-e-type=\"widget\" data-widget_type=\"image-box.default\">\n\t\t\t\t\t<div class=\"elementor-image-box-wrapper\"><div class=\"elementor-image-box-content\"><h3 class=\"elementor-image-box-title\">Acompa\u00f1amiento familiar integral <\/h3><p class=\"elementor-image-box-description\">Busca mejorar las condiciones de vida de los hogares m\u00e1s vulnerables mediante el desarrollo de capacidades individuales y colectivas, el fortalecimiento de la din\u00e1mica familiar y el acceso a rutas de inclusi\u00f3n social, con enfoque diferencial, de derechos y territorial. <\/p><\/div><\/div>\t\t\t\t<\/div>\n\t\t\t\t<div class=\"elementor-element elementor-element-cce4a24 elementor-widget elementor-widget-text-editor\" data-id=\"cce4a24\" data-element_type=\"widget\" data-e-type=\"widget\" data-widget_type=\"text-editor.default\">\n\t\t\t\t\t\t\t\t\tA las familias priorizadas se les asigna un Gestor Territorial, quien acompa\u00f1a de manera continua el proceso. \n\n \t\t\t\t\t\t\t\t<\/div>\n\t\t\t\t\t<\/div>\n\t\t<\/div>\n\t\t\t\t\t<\/div>\n\t\t<\/section>\n\t\t\t\t<section data-particle_enable=\"false\" data-particle-mobile-disabled=\"false\" class=\"elementor-section elementor-top-section elementor-element elementor-element-e251818 elementor-section-boxed elementor-section-height-default elementor-section-height-default\" data-id=\"e251818\" data-element_type=\"section\" data-e-type=\"section\" data-settings=\"{&quot;background_background&quot;:&quot;classic&quot;}\">\n\t\t\t\t\t\t<div class=\"elementor-container elementor-column-gap-default\">\n\t\t\t\t\t<div class=\"elementor-column elementor-col-50 elementor-top-column elementor-element elementor-element-5331ed9\" data-id=\"5331ed9\" data-element_type=\"column\" data-e-type=\"column\">\n\t\t\t<div class=\"elementor-widget-wrap elementor-element-populated\">\n\t\t\t\t\t\t<div class=\"elementor-element elementor-element-ddeae1d elementor-widget elementor-widget-heading\" data-id=\"ddeae1d\" data-element_type=\"widget\" data-e-type=\"widget\" data-widget_type=\"heading.default\">\n\t\t\t\t\t<h2 class=\"elementor-heading-title elementor-size-default\">\u00bfA qui\u00e9n est\u00e1 dirigido? <\/h2>\t\t\t\t<\/div>\n\t\t\t\t<div class=\"elementor-element elementor-element-c0dcfc3 elementor-widget elementor-widget-text-editor\" data-id=\"c0dcfc3\" data-element_type=\"widget\" data-e-type=\"widget\" data-widget_type=\"text-editor.default\">\n\t\t\t\t\t\t\t\t\t<ul><li>Personas y hogares residentes en las 16 comunas y 5 corregimientos de Medell\u00edn.<\/li><li>Familias clasificadas en el SISBEN IV (grupos A, B y C).<\/li><li>Hogares en condici\u00f3n de riesgo psicosocial, inseguridad alimentaria, pobreza extrema.<\/li><li>Poblaci\u00f3n migrante, refugiada y retornada con vocaci\u00f3n de permanencia.<\/li><li>Familias derivadas por entidades del Distrito o a trav\u00e9s de PQRSD.<\/li><\/ul>\t\t\t\t\t\t\t\t<\/div>\n\t\t\t\t<div class=\"elementor-element elementor-element-f382ccf elementor-widget elementor-widget-heading\" data-id=\"f382ccf\" data-element_type=\"widget\" data-e-type=\"widget\" data-widget_type=\"heading.default\">\n\t\t\t\t\t<h2 class=\"elementor-heading-title elementor-size-default\">\u00bfC\u00f3mo se puede participar o acceder? <\/h2>\t\t\t\t<\/div>\n\t\t\t\t<div class=\"elementor-element elementor-element-38f851a elementor-widget elementor-widget-text-editor\" data-id=\"38f851a\" data-element_type=\"widget\" data-e-type=\"widget\" data-widget_type=\"text-editor.default\">\n\t\t\t\t\t\t\t\t\tEl servicio se presta de manera voluntaria y gratuita en los 21 Centros Integrales para la Familia (CIF), ubicados en las comunas y corregimientos de Medell\u00edn. Tambi\u00e9n se puede acceder mediante derivaci\u00f3n institucional.\u00a0\t\t\t\t\t\t\t\t<\/div>\n\t\t\t\t\t<\/div>\n\t\t<\/div>\n\t\t\t\t<div class=\"elementor-column elementor-col-50 elementor-top-column elementor-element elementor-element-21b6404\" data-id=\"21b6404\" data-element_type=\"column\" data-e-type=\"column\">\n\t\t\t<div class=\"elementor-widget-wrap elementor-element-populated\">\n\t\t\t\t\t\t<div class=\"elementor-element elementor-element-97394d2 elementor-widget elementor-widget-image\" data-id=\"97394d2\" data-element_type=\"widget\" data-e-type=\"widget\" data-widget_type=\"image.default\">\n\t\t\t\t\t\t\t\t\t\t\t\t\t\t\t<img decoding=\"async\" width=\"600\" height=\"803\" src=\"https:\/\/soymilkyweb.com\/metrosalud\/wp-content\/uploads\/2026\/03\/Unidad-Familia-Medellin.png\" class=\"attachment-large size-large wp-image-10101\" alt=\"\" srcset=\"https:\/\/soymilkyweb.com\/metrosalud\/wp-content\/uploads\/2026\/03\/Unidad-Familia-Medellin.png 600w, https:\/\/soymilkyweb.com\/metrosalud\/wp-content\/uploads\/2026\/03\/Unidad-Familia-Medellin-224x300.png 224w\" sizes=\"(max-width: 600px) 100vw, 600px\" \/>\t\t\t\t\t\t\t\t\t\t\t\t\t\t\t<\/div>\n\t\t\t\t\t<\/div>\n\t\t<\/div>\n\t\t\t\t\t<\/div>\n\t\t<\/section>\n\t\t\t\t<section data-particle_enable=\"false\" data-particle-mobile-disabled=\"false\" class=\"elementor-section elementor-top-section elementor-element elementor-element-f5b8ebf elementor-section-boxed elementor-section-height-default elementor-section-height-default\" data-id=\"f5b8ebf\" data-element_type=\"section\" data-e-type=\"section\" data-settings=\"{&quot;background_background&quot;:&quot;classic&quot;}\">\n\t\t\t\t\t\t<div class=\"elementor-container elementor-column-gap-default\">\n\t\t\t\t\t<div class=\"elementor-column elementor-col-100 elementor-top-column elementor-element elementor-element-167e0bb\" data-id=\"167e0bb\" data-element_type=\"column\" data-e-type=\"column\">\n\t\t\t<div class=\"elementor-widget-wrap elementor-element-populated\">\n\t\t\t\t\t\t<div class=\"elementor-element elementor-element-b936c14 elementor-widget elementor-widget-text-editor\" data-id=\"b936c14\" data-element_type=\"widget\" data-e-type=\"widget\" data-widget_type=\"text-editor.default\">\n\t\t\t\t\t\t\t\t\t<p><span class=\"TextRun SCXW79713138 BCX0\" lang=\"ES-CO\" xml:lang=\"ES-CO\" data-contrast=\"auto\"><span class=\"NormalTextRun SCXW79713138 BCX0\">Unidad Familia Medell\u00edn acompa\u00f1a a las familias para fortalecer su bienestar, su autonom\u00eda y su proyecto de vida, porque cuando una familia avanza, Medell\u00edn tambi\u00e9n lo hace.\u00a0<\/span><\/span><span class=\"TextRun SCXW79713138 BCX0\" lang=\"ES-CO\" xml:lang=\"ES-CO\" data-contrast=\"auto\"><span class=\"NormalTextRun SCXW79713138 BCX0\">\ud83d\udc99<\/span><\/span><span class=\"EOP SCXW79713138 BCX0\" data-ccp-props=\"{&quot;335551550&quot;:6,&quot;335551620&quot;:6,&quot;335559739&quot;:0}\">\u00a0<\/span><\/p>\t\t\t\t\t\t\t\t<\/div>\n\t\t\t\t\t<\/div>\n\t\t<\/div>\n\t\t\t\t\t<\/div>\n\t\t<\/section>\n\t\t\t\t<\/div>\n\t\t","protected":false},"excerpt":{"rendered":"<p>[rank_math_breadcrumb] Unidad Familia Medell\u00edn La Unidad Familia Medell\u00edn es una estrategia del Distrito que ofrece atenci\u00f3n integral a personas y [&hellip;]<\/p>\n","protected":false},"author":2,"featured_media":5227,"parent":4981,"menu_order":0,"comment_status":"closed","ping_status":"closed","template":"","meta":{"_acf_changed":false,"site-sidebar-layout":"no-sidebar","site-content-layout":"","ast-site-content-layout":"full-width-container","site-content-style":"default","site-sidebar-style":"default","ast-global-header-display":"","ast-banner-title-visibility":"","ast-main-header-display":"","ast-hfb-above-header-display":"","ast-hfb-below-header-display":"","ast-hfb-mobile-header-display":"","site-post-title":"disabled","ast-breadcrumbs-content":"","ast-featured-img":"disabled","footer-sml-layout":"","ast-disable-related-posts":"","theme-transparent-header-meta":"","adv-header-id-meta":"","stick-header-meta":"","header-above-stick-meta":"","header-main-stick-meta":"","header-below-stick-meta":"","astra-migrate-meta-layouts":"default","ast-page-background-enabled":"default","ast-page-background-meta":{"desktop":{"background-color":"var(--ast-global-color-5)","background-image":"","background-repeat":"repeat","background-position":"center center","background-size":"auto","background-attachment":"scroll","background-type":"","background-media":"","overlay-type":"","overlay-color":"","overlay-opacity":"","overlay-gradient":""},"tablet":{"background-color":"","background-image":"","background-repeat":"repeat","background-position":"center center","background-size":"auto","background-attachment":"scroll","background-type":"","background-media":"","overlay-type":"","overlay-color":"","overlay-opacity":"","overlay-gradient":""},"mobile":{"background-color":"","background-image":"","background-repeat":"repeat","background-position":"center center","background-size":"auto","background-attachment":"scroll","background-type":"","background-media":"","overlay-type":"","overlay-color":"","overlay-opacity":"","overlay-gradient":""}},"ast-content-background-meta":{"desktop":{"background-color":"var(--ast-global-color-4)","background-image":"","background-repeat":"repeat","background-position":"center center","background-size":"auto","background-attachment":"scroll","background-type":"","background-media":"","overlay-type":"","overlay-color":"","overlay-opacity":"","overlay-gradient":""},"tablet":{"background-color":"var(--ast-global-color-4)","background-image":"","background-repeat":"repeat","background-position":"center center","background-size":"auto","background-attachment":"scroll","background-type":"","background-media":"","overlay-type":"","overlay-color":"","overlay-opacity":"","overlay-gradient":""},"mobile":{"background-color":"var(--ast-global-color-4)","background-image":"","background-repeat":"repeat","background-position":"center center","background-size":"auto","background-attachment":"scroll","background-type":"","background-media":"","overlay-type":"","overlay-color":"","overlay-opacity":"","overlay-gradient":""}},"footnotes":""},"class_list":["post-5210","page","type-page","status-publish","has-post-thumbnail","hentry"],"acf":[],"_links":{"self":[{"href":"https:\/\/soymilkyweb.com\/metrosalud\/wp-json\/wp\/v2\/pages\/5210","targetHints":{"allow":["GET"]}}],"collection":[{"href":"https:\/\/soymilkyweb.com\/metrosalud\/wp-json\/wp\/v2\/pages"}],"about":[{"href":"https:\/\/soymilkyweb.com\/metrosalud\/wp-json\/wp\/v2\/types\/page"}],"author":[{"embeddable":true,"href":"https:\/\/soymilkyweb.com\/metrosalud\/wp-json\/wp\/v2\/users\/2"}],"replies":[{"embeddable":true,"href":"https:\/\/soymilkyweb.com\/metrosalud\/wp-json\/wp\/v2\/comments?post=5210"}],"version-history":[{"count":31,"href":"https:\/\/soymilkyweb.com\/metrosalud\/wp-json\/wp\/v2\/pages\/5210\/revisions"}],"predecessor-version":[{"id":10111,"href":"https:\/\/soymilkyweb.com\/metrosalud\/wp-json\/wp\/v2\/pages\/5210\/revisions\/10111"}],"up":[{"embeddable":true,"href":"https:\/\/soymilkyweb.com\/metrosalud\/wp-json\/wp\/v2\/pages\/4981"}],"wp:featuredmedia":[{"embeddable":true,"href":"https:\/\/soymilkyweb.com\/metrosalud\/wp-json\/wp\/v2\/media\/5227"}],"wp:attachment":[{"href":"https:\/\/soymilkyweb.com\/metrosalud\/wp-json\/wp\/v2\/media?parent=5210"}],"curies":[{"name":"wp","href":"https:\/\/api.w.org\/{rel}","templated":true}]}}